{"id":46,"date":"2024-07-19T16:56:18","date_gmt":"2024-07-19T21:56:18","guid":{"rendered":"https:\/\/fyarepsac.com\/web\/?page_id=46"},"modified":"2025-02-14T18:42:49","modified_gmt":"2025-02-14T23:42:49","slug":"quienes_somos","status":"publish","type":"page","link":"https:\/\/fyarepsac.com\/web\/quienes_somos\/","title":{"rendered":"\u00bfQui\u00e9nes Somos?"},"content":{"rendered":"\t\t<div data-elementor-type=\"wp-page\" data-elementor-id=\"46\" class=\"elementor elementor-46\" data-elementor-settings=\"{&quot;ha_cmc_init_switcher&quot;:&quot;no&quot;}\" data-elementor-post-type=\"page\">\n\t\t\t\t<div class=\"elementor-element elementor-element-ac50db7 e-con-full e-flex e-con e-parent\" data-id=\"ac50db7\" data-element_type=\"container\" data-settings=\"{&quot;background_background&quot;:&quot;classic&quot;,&quot;_ha_eqh_enable&quot;:false}\">\n\t\t<div class=\"elementor-element elementor-element-6abde03 e-flex e-con-boxed e-con e-child\" data-id=\"6abde03\" data-element_type=\"container\" data-settings=\"{&quot;_ha_eqh_enable&quot;:false}\">\n\t\t\t\t\t<div class=\"e-con-inner\">\n\t\t\t\t<div class=\"elementor-element elementor-element-0da5eec elementor-widget__width-initial elementor-widget elementor-widget-text-editor\" data-id=\"0da5eec\" data-element_type=\"widget\" data-widget_type=\"text-editor.default\">\n\t\t\t\t<div class=\"elementor-widget-container\">\n\t\t\t\t\t\t\t\t\tFundada el 3 de abril de 1989 en Lima, Per\u00fa, F Y A Representaciones S.A.C. (FYAREPSAC) inici\u00f3 sus operaciones con la visi\u00f3n de la familia Arce. Desde entonces, ha desarrollado la comercializaci\u00f3n de diversos productos, consolidando su trayectoria en el mercado.\t\t\t\t\t\t\t\t<\/div>\n\t\t\t\t<\/div>\n\t\t\t\t\t<\/div>\n\t\t\t\t<\/div>\n\t\t\t\t<\/div>\n\t\t<div class=\"elementor-element elementor-element-6acf9f9 e-con-full e-flex e-con e-parent\" data-id=\"6acf9f9\" data-element_type=\"container\" data-settings=\"{&quot;_ha_eqh_enable&quot;:false}\">\n\t\t<div class=\"elementor-element elementor-element-a75634d e-flex e-con-boxed e-con e-child\" data-id=\"a75634d\" data-element_type=\"container\" data-settings=\"{&quot;_ha_eqh_enable&quot;:false}\">\n\t\t\t\t\t<div class=\"e-con-inner\">\n\t\t<div class=\"elementor-element elementor-element-f826c88 e-flex e-con-boxed elementor-invisible e-con e-child\" data-id=\"f826c88\" data-element_type=\"container\" data-settings=\"{&quot;position&quot;:&quot;absolute&quot;,&quot;animation&quot;:&quot;fadeInUp&quot;,&quot;animation_delay&quot;:0,&quot;animation_mobile&quot;:&quot;none&quot;,&quot;_ha_eqh_enable&quot;:false}\">\n\t\t\t\t\t<div class=\"e-con-inner\">\n\t\t<div class=\"elementor-element elementor-element-e616280 e-con-full e-flex e-con e-child\" data-id=\"e616280\" data-element_type=\"container\" data-settings=\"{&quot;background_background&quot;:&quot;classic&quot;,&quot;_ha_eqh_enable&quot;:false}\">\n\t\t<div class=\"elementor-element elementor-element-95549f0 e-con-full e-flex e-con e-child\" data-id=\"95549f0\" data-element_type=\"container\" data-settings=\"{&quot;background_background&quot;:&quot;classic&quot;,&quot;_ha_eqh_enable&quot;:false}\">\n\t\t\t\t<\/div>\n\t\t\t\t<\/div>\n\t\t<div class=\"elementor-element elementor-element-d09c025 e-con-full e-flex e-con e-child\" data-id=\"d09c025\" data-element_type=\"container\" data-settings=\"{&quot;background_background&quot;:&quot;classic&quot;,&quot;_ha_eqh_enable&quot;:false}\">\n\t\t<div class=\"elementor-element elementor-element-82c5a58 e-con-full e-flex e-con e-child\" data-id=\"82c5a58\" data-element_type=\"container\" data-settings=\"{&quot;_ha_eqh_enable&quot;:false}\">\n\t\t\t\t<div class=\"elementor-element elementor-element-69509a6 elementor-widget elementor-widget-heading\" data-id=\"69509a6\" data-element_type=\"widget\" data-widget_type=\"heading.default\">\n\t\t\t\t<div class=\"elementor-widget-container\">\n\t\t\t\t\t<h2 class=\"elementor-heading-title elementor-size-default\">MISI\u00d3N<\/h2>\t\t\t\t<\/div>\n\t\t\t\t<\/div>\n\t\t<div class=\"elementor-element elementor-element-faca699 e-con-full e-flex e-con e-child\" data-id=\"faca699\" data-element_type=\"container\" data-settings=\"{&quot;_ha_eqh_enable&quot;:false}\">\n\t\t<div class=\"elementor-element elementor-element-ad3b07c e-con-full e-flex e-con e-child\" data-id=\"ad3b07c\" data-element_type=\"container\" data-settings=\"{&quot;_ha_eqh_enable&quot;:false}\">\n\t\t\t\t<div class=\"elementor-element elementor-element-0f9671f fai-about-s1 elementor-widget elementor-widget-html\" data-id=\"0f9671f\" data-element_type=\"widget\" data-widget_type=\"html.default\">\n\t\t\t\t<div class=\"elementor-widget-container\">\n\t\t\t\t\t<i class=\"fa-solid fa-rocket\"><\/i>\t\t\t\t<\/div>\n\t\t\t\t<\/div>\n\t\t\t\t<\/div>\n\t\t<div class=\"elementor-element elementor-element-c548cf7 e-con-full e-flex e-con e-child\" data-id=\"c548cf7\" data-element_type=\"container\" data-settings=\"{&quot;_ha_eqh_enable&quot;:false}\">\n\t\t\t\t<div class=\"elementor-element elementor-element-5e10d5f elementor-widget elementor-widget-text-editor\" data-id=\"5e10d5f\" data-element_type=\"widget\" data-widget_type=\"text-editor.default\">\n\t\t\t\t<div class=\"elementor-widget-container\">\n\t\t\t\t\t\t\t\t\tSer un socio estrat\u00e9gico para nuestros clientes, brindando soluciones personalizadas que se adapten a sus necesidades espec\u00edficas, siendo nuestro compromiso ofrecer productos de alta calidad, entregas r\u00e1pidas y flexibles, y un servicio de atenci\u00f3n al cliente que garantice su satisfacci\u00f3n en cada etapa del proceso.\t\t\t\t\t\t\t\t<\/div>\n\t\t\t\t<\/div>\n\t\t\t\t<\/div>\n\t\t\t\t<\/div>\n\t\t\t\t<\/div>\n\t\t<div class=\"elementor-element elementor-element-7b2aaa5 e-con-full e-flex e-con e-child\" data-id=\"7b2aaa5\" data-element_type=\"container\" data-settings=\"{&quot;_ha_eqh_enable&quot;:false}\">\n\t\t\t\t<div class=\"elementor-element elementor-element-b3377e8 elementor-widget elementor-widget-heading\" data-id=\"b3377e8\" data-element_type=\"widget\" data-widget_type=\"heading.default\">\n\t\t\t\t<div class=\"elementor-widget-container\">\n\t\t\t\t\t<h2 class=\"elementor-heading-title elementor-size-default\">VISI\u00d3N<\/h2>\t\t\t\t<\/div>\n\t\t\t\t<\/div>\n\t\t<div class=\"elementor-element elementor-element-b97277d e-con-full e-flex e-con e-child\" data-id=\"b97277d\" data-element_type=\"container\" data-settings=\"{&quot;_ha_eqh_enable&quot;:false}\">\n\t\t<div class=\"elementor-element elementor-element-8b14d26 e-con-full e-flex e-con e-child\" data-id=\"8b14d26\" data-element_type=\"container\" data-settings=\"{&quot;_ha_eqh_enable&quot;:false}\">\n\t\t\t\t<div class=\"elementor-element elementor-element-355c8fa fai-about-s1 elementor-widget elementor-widget-html\" data-id=\"355c8fa\" data-element_type=\"widget\" data-widget_type=\"html.default\">\n\t\t\t\t<div class=\"elementor-widget-container\">\n\t\t\t\t\t<i class=\"fa-regular fa-lightbulb\"><\/i>\t\t\t\t<\/div>\n\t\t\t\t<\/div>\n\t\t\t\t<\/div>\n\t\t<div class=\"elementor-element elementor-element-4ecaff4 e-con-full e-flex e-con e-child\" data-id=\"4ecaff4\" data-element_type=\"container\" data-settings=\"{&quot;_ha_eqh_enable&quot;:false}\">\n\t\t\t\t<div class=\"elementor-element elementor-element-ff0ba79 elementor-widget elementor-widget-text-editor\" data-id=\"ff0ba79\" data-element_type=\"widget\" data-widget_type=\"text-editor.default\">\n\t\t\t\t<div class=\"elementor-widget-container\">\n\t\t\t\t\t\t\t\t\tSer reconocida como la empresa l\u00edder en la comercializaci\u00f3n de alcohol y sustancias qu\u00edmicas en el pa\u00eds, estableciendo relaciones s\u00f3lidas, personalizadas y de largo plazo con nuestros clientes y as\u00ed contribuir a su crecimiento y \u00e9xito en sus respectivos mercados.\t\t\t\t\t\t\t\t<\/div>\n\t\t\t\t<\/div>\n\t\t\t\t<\/div>\n\t\t\t\t<\/div>\n\t\t\t\t<\/div>\n\t\t\t\t<\/div>\n\t\t\t\t\t<\/div>\n\t\t\t\t<\/div>\n\t\t\t\t\t<\/div>\n\t\t\t\t<\/div>\n\t\t\t\t<\/div>\n\t\t<div class=\"elementor-element elementor-element-29ba4e2 e-con-full e-flex e-con e-parent\" data-id=\"29ba4e2\" data-element_type=\"container\" data-settings=\"{&quot;background_background&quot;:&quot;classic&quot;,&quot;_ha_eqh_enable&quot;:false}\">\n\t\t<div class=\"elementor-element elementor-element-081a9b5 e-flex e-con-boxed e-con e-child\" data-id=\"081a9b5\" data-element_type=\"container\" data-settings=\"{&quot;_ha_eqh_enable&quot;:false}\">\n\t\t\t\t\t<div class=\"e-con-inner\">\n\t\t<div class=\"elementor-element elementor-element-9e1d33d e-con-full e-flex e-con e-child\" data-id=\"9e1d33d\" data-element_type=\"container\" data-settings=\"{&quot;_ha_eqh_enable&quot;:false}\">\n\t\t<div class=\"elementor-element elementor-element-a28bd2a e-con-full e-flex e-con e-child\" data-id=\"a28bd2a\" data-element_type=\"container\" data-settings=\"{&quot;animation&quot;:&quot;none&quot;,&quot;_ha_eqh_enable&quot;:false}\">\n\t\t\t\t<div class=\"elementor-element elementor-element-4e16937 elementor-widget elementor-widget-heading\" data-id=\"4e16937\" data-element_type=\"widget\" data-widget_type=\"heading.default\">\n\t\t\t\t<div class=\"elementor-widget-container\">\n\t\t\t\t\t<h2 class=\"elementor-heading-title elementor-size-default\">Nuestra Experiencia<\/h2>\t\t\t\t<\/div>\n\t\t\t\t<\/div>\n\t\t\t\t<div class=\"elementor-element elementor-element-34b8dcc elementor-widget elementor-widget-heading\" data-id=\"34b8dcc\" data-element_type=\"widget\" data-widget_type=\"heading.default\">\n\t\t\t\t<div class=\"elementor-widget-container\">\n\t\t\t\t\t<h1 class=\"elementor-heading-title elementor-size-default\">Contamos con un equipo experto y capacitado para ofrecer una atenci\u00f3n al cliente de primer nivel<\/h1>\t\t\t\t<\/div>\n\t\t\t\t<\/div>\n\t\t\t\t<\/div>\n\t\t<div class=\"elementor-element elementor-element-2010f04 e-con-full e-flex e-con e-child\" data-id=\"2010f04\" data-element_type=\"container\" data-settings=\"{&quot;animation&quot;:&quot;none&quot;,&quot;animation_delay&quot;:500,&quot;_ha_eqh_enable&quot;:false}\">\n\t\t\t\t<div class=\"elementor-element elementor-element-a226fe4 elementor-widget elementor-widget-text-editor\" data-id=\"a226fe4\" data-element_type=\"widget\" data-widget_type=\"text-editor.default\">\n\t\t\t\t<div class=\"elementor-widget-container\">\n\t\t\t\t\t\t\t\t\tAgradecemos a todos nuestros socios estrat\u00e9gicos que respaldan una s\u00f3lida cartera y experiencia que asegura una un producto de acuerdo con la necesidad aplicando un estricto control de calidad en nuestros procesos de distribuci\u00f3n.\n<BR><BR>\nNos comprometemos plenamente a enfrentar nuevos retos con energ\u00eda y responsabilidad, trabajando juntos hacia un objetivo com\u00fan: ser siempre los mejores\t\t\t\t\t\t\t\t<\/div>\n\t\t\t\t<\/div>\n\t\t\t\t<\/div>\n\t\t<div class=\"elementor-element elementor-element-b80e595 e-con-full elementor-hidden-tablet elementor-hidden-mobile e-flex e-con e-child\" data-id=\"b80e595\" data-element_type=\"container\" data-settings=\"{&quot;animation&quot;:&quot;none&quot;,&quot;animation_delay&quot;:1000,&quot;_ha_eqh_enable&quot;:false}\">\n\t\t<div class=\"elementor-element elementor-element-fa1fbdb e-con-full e-flex e-con e-child\" data-id=\"fa1fbdb\" data-element_type=\"container\" data-settings=\"{&quot;_ha_eqh_enable&quot;:false}\">\n\t\t\t\t<div class=\"elementor-element elementor-element-23ae43c elementor-widget elementor-widget-image\" data-id=\"23ae43c\" data-element_type=\"widget\" data-widget_type=\"image.default\">\n\t\t\t\t<div class=\"elementor-widget-container\">\n\t\t\t\t\t\t\t\t\t\t\t\t\t\t\t<img decoding=\"async\" src=\"https:\/\/fyarepsac.com\/web\/wp-content\/uploads\/elementor\/thumbs\/compromiso__1_-removebg-preview-r1epqr2wdnrhdo3qc7n8lcsnar9r5a4e9be7e23wqc.png\" title=\"compromiso__1_-removebg-preview\" alt=\"compromiso__1_-removebg-preview\" loading=\"lazy\" \/>\t\t\t\t\t\t\t\t\t\t\t\t\t\t\t<\/div>\n\t\t\t\t<\/div>\n\t\t\t\t<div class=\"elementor-element elementor-element-48ddbec elementor-widget elementor-widget-text-editor\" data-id=\"48ddbec\" data-element_type=\"widget\" data-widget_type=\"text-editor.default\">\n\t\t\t\t<div class=\"elementor-widget-container\">\n\t\t\t\t\t\t\t\t\t<p>Compromiso<\/p>\t\t\t\t\t\t\t\t<\/div>\n\t\t\t\t<\/div>\n\t\t\t\t<\/div>\n\t\t<div class=\"elementor-element elementor-element-bb2ed2e e-con-full e-flex e-con e-child\" data-id=\"bb2ed2e\" data-element_type=\"container\" data-settings=\"{&quot;_ha_eqh_enable&quot;:false}\">\n\t\t\t\t<div class=\"elementor-element elementor-element-2a22119 elementor-widget elementor-widget-image\" data-id=\"2a22119\" data-element_type=\"widget\" data-widget_type=\"image.default\">\n\t\t\t\t<div class=\"elementor-widget-container\">\n\t\t\t\t\t\t\t\t\t\t\t\t\t\t\t<img decoding=\"async\" src=\"https:\/\/fyarepsac.com\/web\/wp-content\/uploads\/elementor\/thumbs\/confinaz-r1epqnbjmbmc3896y60qbdqsx7saahpgwss9gy9hf8.png\" title=\"confinaz\" alt=\"confinaz\" loading=\"lazy\" \/>\t\t\t\t\t\t\t\t\t\t\t\t\t\t\t<\/div>\n\t\t\t\t<\/div>\n\t\t\t\t<div class=\"elementor-element elementor-element-9016d63 elementor-widget elementor-widget-text-editor\" data-id=\"9016d63\" data-element_type=\"widget\" data-widget_type=\"text-editor.default\">\n\t\t\t\t<div class=\"elementor-widget-container\">\n\t\t\t\t\t\t\t\t\t<p>Responsabilidad<\/p>\t\t\t\t\t\t\t\t<\/div>\n\t\t\t\t<\/div>\n\t\t\t\t<\/div>\n\t\t\t\t<\/div>\n\t\t<div class=\"elementor-element elementor-element-8f2ee1c e-con-full elementor-hidden-tablet elementor-hidden-mobile e-flex e-con e-child\" data-id=\"8f2ee1c\" data-element_type=\"container\" data-settings=\"{&quot;animation&quot;:&quot;none&quot;,&quot;animation_delay&quot;:1000,&quot;_ha_eqh_enable&quot;:false}\">\n\t\t<div class=\"elementor-element elementor-element-1be4690 e-con-full e-flex e-con e-child\" data-id=\"1be4690\" data-element_type=\"container\" data-settings=\"{&quot;_ha_eqh_enable&quot;:false}\">\n\t\t\t\t<div class=\"elementor-element elementor-element-f55b537 elementor-widget elementor-widget-image\" data-id=\"f55b537\" data-element_type=\"widget\" data-widget_type=\"image.default\">\n\t\t\t\t<div class=\"elementor-widget-container\">\n\t\t\t\t\t\t\t\t\t\t\t\t\t\t\t<img decoding=\"async\" src=\"https:\/\/fyarepsac.com\/web\/wp-content\/uploads\/elementor\/thumbs\/colaboracion-r1epqnbjmbmc3896y60qbdqsx7saahpgwss9gy9hf8.png\" title=\"colaboracion\" alt=\"colaboracion\" loading=\"lazy\" \/>\t\t\t\t\t\t\t\t\t\t\t\t\t\t\t<\/div>\n\t\t\t\t<\/div>\n\t\t\t\t<div class=\"elementor-element elementor-element-1052f4e elementor-widget elementor-widget-text-editor\" data-id=\"1052f4e\" data-element_type=\"widget\" data-widget_type=\"text-editor.default\">\n\t\t\t\t<div class=\"elementor-widget-container\">\n\t\t\t\t\t\t\t\t\t<p>Colaboraci\u00f3n<\/p>\t\t\t\t\t\t\t\t<\/div>\n\t\t\t\t<\/div>\n\t\t\t\t<\/div>\n\t\t<div class=\"elementor-element elementor-element-a92f57b e-con-full e-flex e-con e-child\" data-id=\"a92f57b\" data-element_type=\"container\" data-settings=\"{&quot;_ha_eqh_enable&quot;:false}\">\n\t\t\t\t<div class=\"elementor-element elementor-element-676a404 elementor-widget elementor-widget-image\" data-id=\"676a404\" data-element_type=\"widget\" data-widget_type=\"image.default\">\n\t\t\t\t<div class=\"elementor-widget-container\">\n\t\t\t\t\t\t\t\t\t\t\t\t\t\t\t<img decoding=\"async\" src=\"https:\/\/fyarepsac.com\/web\/wp-content\/uploads\/elementor\/thumbs\/respeto__1_-removebg-preview-r1epqs0qkhsrpa2d6q1v5uk3w554cz84lg1ovc2ik4.png\" title=\"respeto__1_-removebg-preview\" alt=\"respeto__1_-removebg-preview\" loading=\"lazy\" \/>\t\t\t\t\t\t\t\t\t\t\t\t\t\t\t<\/div>\n\t\t\t\t<\/div>\n\t\t\t\t<div class=\"elementor-element elementor-element-a172a9f elementor-widget elementor-widget-text-editor\" data-id=\"a172a9f\" data-element_type=\"widget\" data-widget_type=\"text-editor.default\">\n\t\t\t\t<div class=\"elementor-widget-container\">\n\t\t\t\t\t\t\t\t\t<p>Respeto<\/p>\t\t\t\t\t\t\t\t<\/div>\n\t\t\t\t<\/div>\n\t\t\t\t<\/div>\n\t\t\t\t<\/div>\n\t\t\t\t<\/div>\n\t\t<div class=\"elementor-element elementor-element-abe8f5b e-con-full e-flex e-con e-child\" data-id=\"abe8f5b\" data-element_type=\"container\" data-settings=\"{&quot;background_background&quot;:&quot;classic&quot;,&quot;_ha_eqh_enable&quot;:false}\">\n\t\t\t\t<\/div>\n\t\t\t\t\t<\/div>\n\t\t\t\t<\/div>\n\t\t\t\t<\/div>\n\t\t\t\t<\/div>\n\t\t","protected":false},"excerpt":{"rendered":"<p>Fundada el 3 de abril de 1989 en Lima, Per\u00fa, F Y A Representaciones S.A.C. (FYAREPSAC) inici\u00f3 sus operaciones con la visi\u00f3n de la familia Arce. Desde entonces, ha desarrollado la comercializaci\u00f3n de diversos productos, consolidando su trayectoria en el mercado. MISI\u00d3N Ser un socio estrat\u00e9gico para nuestros clientes, brindando soluciones personalizadas que se adapten&hellip;&nbsp;<a href=\"https:\/\/fyarepsac.com\/web\/quienes_somos\/\" rel=\"bookmark\">Leer m\u00e1s &raquo;<span class=\"screen-reader-text\">\u00bfQui\u00e9nes Somos?<\/span><\/a><\/p>\n","protected":false},"author":1,"featured_media":0,"parent":0,"menu_order":0,"comment_status":"closed","ping_status":"closed","template":"page-templates\/template-pagebuilder-full-width.php","meta":{"neve_meta_sidebar":"","neve_meta_container":"","neve_meta_enable_content_width":"","neve_meta_content_width":0,"neve_meta_title_alignment":"","neve_meta_author_avatar":"","neve_post_elements_order":"","neve_meta_disable_header":"","neve_meta_disable_footer":"","neve_meta_disable_title":"","footnotes":""},"class_list":["post-46","page","type-page","status-publish","hentry"],"_links":{"self":[{"href":"https:\/\/fyarepsac.com\/web\/wp-json\/wp\/v2\/pages\/46","targetHints":{"allow":["GET"]}}],"collection":[{"href":"https:\/\/fyarepsac.com\/web\/wp-json\/wp\/v2\/pages"}],"about":[{"href":"https:\/\/fyarepsac.com\/web\/wp-json\/wp\/v2\/types\/page"}],"author":[{"embeddable":true,"href":"https:\/\/fyarepsac.com\/web\/wp-json\/wp\/v2\/users\/1"}],"replies":[{"embeddable":true,"href":"https:\/\/fyarepsac.com\/web\/wp-json\/wp\/v2\/comments?post=46"}],"version-history":[{"count":335,"href":"https:\/\/fyarepsac.com\/web\/wp-json\/wp\/v2\/pages\/46\/revisions"}],"predecessor-version":[{"id":3880,"href":"https:\/\/fyarepsac.com\/web\/wp-json\/wp\/v2\/pages\/46\/revisions\/3880"}],"wp:attachment":[{"href":"https:\/\/fyarepsac.com\/web\/wp-json\/wp\/v2\/media?parent=46"}],"curies":[{"name":"wp","href":"https:\/\/api.w.org\/{rel}","templated":true}]}}