{"id":3882,"date":"2025-02-14T18:46:58","date_gmt":"2025-02-14T23:46:58","guid":{"rendered":"https:\/\/fyarepsac.com\/web\/?page_id=3882"},"modified":"2025-02-14T19:47:50","modified_gmt":"2025-02-15T00:47:50","slug":"seguridad","status":"publish","type":"page","link":"https:\/\/fyarepsac.com\/web\/seguridad\/","title":{"rendered":"Seguridad y Salud en el Trabajo"},"content":{"rendered":"\t\t<div data-elementor-type=\"wp-page\" data-elementor-id=\"3882\" class=\"elementor elementor-3882\" data-elementor-settings=\"{&quot;ha_cmc_init_switcher&quot;:&quot;no&quot;}\" data-elementor-post-type=\"page\">\n\t\t\t\t<div class=\"elementor-element elementor-element-520c79f e-con-full e-flex e-con e-parent\" data-id=\"520c79f\" data-element_type=\"container\" data-settings=\"{&quot;background_background&quot;:&quot;classic&quot;,&quot;_ha_eqh_enable&quot;:false}\">\n\t\t<div class=\"elementor-element elementor-element-c33fefc e-flex e-con-boxed e-con e-child\" data-id=\"c33fefc\" data-element_type=\"container\" data-settings=\"{&quot;_ha_eqh_enable&quot;:false}\">\n\t\t\t\t\t<div class=\"e-con-inner\">\n\t\t\t\t<div class=\"elementor-element elementor-element-6fc8697 elementor-widget__width-initial elementor-widget elementor-widget-heading\" data-id=\"6fc8697\" data-element_type=\"widget\" data-widget_type=\"heading.default\">\n\t\t\t\t<div class=\"elementor-widget-container\">\n\t\t\t\t\t<h1 class=\"elementor-heading-title elementor-size-default\">Comprometidos con un entorno seguro y saludable para todos.<\/h1>\t\t\t\t<\/div>\n\t\t\t\t<\/div>\n\t\t\t\t\t<\/div>\n\t\t\t\t<\/div>\n\t\t\t\t<\/div>\n\t\t<div class=\"elementor-element elementor-element-da452e5 e-con-full e-flex e-con e-parent\" data-id=\"da452e5\" data-element_type=\"container\" data-settings=\"{&quot;_ha_eqh_enable&quot;:false}\">\n\t\t<div class=\"elementor-element elementor-element-406e6f0 e-flex e-con-boxed e-con e-child\" data-id=\"406e6f0\" data-element_type=\"container\" data-settings=\"{&quot;_ha_eqh_enable&quot;:false}\">\n\t\t\t\t\t<div class=\"e-con-inner\">\n\t\t<div class=\"elementor-element elementor-element-b7cb2f7 e-con-full e-flex e-con e-child\" data-id=\"b7cb2f7\" data-element_type=\"container\" data-settings=\"{&quot;background_background&quot;:&quot;classic&quot;,&quot;_ha_eqh_enable&quot;:false}\">\n\t\t\t\t<\/div>\n\t\t<div class=\"elementor-element elementor-element-0723e72 e-con-full elementor-hidden-mobile e-flex e-con e-child\" data-id=\"0723e72\" data-element_type=\"container\" data-settings=\"{&quot;background_background&quot;:&quot;classic&quot;,&quot;_ha_eqh_enable&quot;:false}\">\n\t\t<div class=\"elementor-element elementor-element-750129e e-con-full e-flex e-con e-child\" data-id=\"750129e\" data-element_type=\"container\" data-settings=\"{&quot;background_background&quot;:&quot;classic&quot;,&quot;_ha_eqh_enable&quot;:false}\">\n\t\t\t\t<div class=\"elementor-element elementor-element-015cffd elementor-blockquote--skin-quotation elementor-blockquote--button-color-official elementor-widget elementor-widget-blockquote\" data-id=\"015cffd\" data-element_type=\"widget\" data-widget_type=\"blockquote.default\">\n\t\t\t\t<div class=\"elementor-widget-container\">\n\t\t\t\t\t\t\t<blockquote class=\"elementor-blockquote\">\n\t\t\t<p class=\"elementor-blockquote__content\">\n\t\t\t\tEn FYAREPSAC, priorizamos la Seguridad y Salud en el Trabajo mediante un sistema de gesti\u00f3n efectivo, mejora continua y control de riesgos. Garantizamos la prevenci\u00f3n de accidentes y el cumplimiento normativo para proteger a nuestro equipo y colaboradores.\t\t\t<\/p>\n\t\t\t\t\t<\/blockquote>\n\t\t\t\t\t\t<\/div>\n\t\t\t\t<\/div>\n\t\t\t\t<\/div>\n\t\t\t\t<\/div>\n\t\t\t\t\t<\/div>\n\t\t\t\t<\/div>\n\t\t\t\t<\/div>\n\t\t<div class=\"elementor-element elementor-element-2e5dc35 e-flex e-con-boxed e-con e-parent\" data-id=\"2e5dc35\" data-element_type=\"container\" data-settings=\"{&quot;_ha_eqh_enable&quot;:false}\">\n\t\t\t\t\t<div class=\"e-con-inner\">\n\t\t<div class=\"elementor-element elementor-element-6e2641f e-con-full e-flex e-con e-child\" data-id=\"6e2641f\" data-element_type=\"container\" data-settings=\"{&quot;_ha_eqh_enable&quot;:false}\">\n\t\t<div class=\"elementor-element elementor-element-1efa9b6 e-con-full e-flex e-con e-child\" data-id=\"1efa9b6\" data-element_type=\"container\" data-settings=\"{&quot;_ha_eqh_enable&quot;:false}\">\n\t\t<div class=\"elementor-element elementor-element-d7c279c e-con-full e-flex e-con e-child\" data-id=\"d7c279c\" data-element_type=\"container\" data-settings=\"{&quot;_ha_eqh_enable&quot;:false}\">\n\t\t\t\t<div class=\"elementor-element elementor-element-7b50ebb elementor-widget elementor-widget-heading\" data-id=\"7b50ebb\" data-element_type=\"widget\" data-widget_type=\"heading.default\">\n\t\t\t\t<div class=\"elementor-widget-container\">\n\t\t\t\t\t<h2 class=\"elementor-heading-title elementor-size-default\">Seguridad y Salud en el trabajo<\/h2>\t\t\t\t<\/div>\n\t\t\t\t<\/div>\n\t\t\t\t<\/div>\n\t\t<div class=\"elementor-element elementor-element-ed755d3 e-con-full e-flex e-con e-child\" data-id=\"ed755d3\" data-element_type=\"container\" data-settings=\"{&quot;_ha_eqh_enable&quot;:false}\">\n\t\t\t\t<div class=\"elementor-element elementor-element-b01f707 elementor-widget elementor-widget-text-editor\" data-id=\"b01f707\" data-element_type=\"widget\" data-widget_type=\"text-editor.default\">\n\t\t\t\t<div class=\"elementor-widget-container\">\n\t\t\t\t\t\t\t\t\tEn F Y A REPRESENTACIONES S.A.C. (FYAREPSAC) se dar\u00e1 prioridad a la prevenci\u00f3n de accidentes con el fin de salvaguardar la integridad f\u00edsica de todo el personal, incluyendo a\ntoda persona que no sea parte de la empresa, pero visite nuestro centro laboral.\n<br><br>\nPara poder cumplir los objetivos debemos:<br><br>\n<ol>\n \t<li>Fomentar una cultura de prevenci\u00f3n de riesgos laborales en nuestros colaboradores, contratistas, proveedores y visitantes, con la finalidad de protegerlos mediante la prevenci\u00f3n de lesiones, dolencias, enfermedades, incidentes o accidentes relacionados con el trabajo y emergencias.<\/li><br>\n \t<li>El cumplimiento de los requisitos legales pertinentes en materia de seguridad y salud en el trabajo, de los programas voluntarios, de la negociaci\u00f3n colectiva en seguridad y salud en el trabajo, y de otras prescripciones que suscriba la organizaci\u00f3n<\/li><br>\n \t<li>Brindar los recursos necesarios para verificar y evaluar el cumplimiento de los objetivos y metas del sistema de gesti\u00f3n de Seguridad y Salud en el Trabajo.<\/li><br>\n \t<li>Promover la formaci\u00f3n y capacitaci\u00f3n de nuestro personal de los procedimientos, peligros y riesgos y sus controles; as\u00ed como, el comportamiento responsable.<\/li><br>\n \t<li>Garantizar de que los trabajadores y sus representantes son consultados y participan activamente en todos los elementos del Sistema de Gesti\u00f3n de Seguridad y Salud en el Trabajo, en especial en controlar los riesgos y peligros relacionados al trabajo.<\/li><br>\n \t<li>Facilitar que nuestro personal y colaboradores intervengan y detengan cualquier actividad que pueda suponer un riesgo para su salud y seguridad.<\/li><br>\n \t<li>Comunicar a los niveles de la organizaci\u00f3n correspondientes cualquier acci\u00f3n, omisi\u00f3n o situaci\u00f3n que pudiera provocar un accidente o enfermedad ocupacional.<\/li><br>\n \t<li>Investigar las causas de accidentes de trabajo, enfermedades ocupacionales, incidentes peligrosos para minimizar su ocurrencia.<\/li><br>\n \t<li>Practicar la mejora continua en el desempe\u00f1o del sistema de gesti\u00f3n de seguridad y salud en el trabajo.<\/li><br>\n<\/ol><br>\nCada persona dentro de la organizaci\u00f3n deber\u00e1 mostrar un compromiso total con la seguridad. El comportamiento seguro debe compartirse con todo e ir m\u00e1s all\u00e1 que solo la empresa. Debe llegar hasta la casa con el fin de tenerlo siempre presente e inculcar a otros con la informaci\u00f3n que se tenga.\t\t\t\t\t\t\t\t<\/div>\n\t\t\t\t<\/div>\n\t\t\t\t<\/div>\n\t\t\t\t<\/div>\n\t\t\t\t<\/div>\n\t\t\t\t\t<\/div>\n\t\t\t\t<\/div>\n\t\t\t\t<\/div>\n\t\t","protected":false},"excerpt":{"rendered":"<p>Comprometidos con un entorno seguro y saludable para todos. En FYAREPSAC, priorizamos la Seguridad y Salud en el Trabajo mediante un sistema de gesti\u00f3n efectivo, mejora continua y control de riesgos. Garantizamos la prevenci\u00f3n de accidentes y el cumplimiento normativo para proteger a nuestro equipo y colaboradores. Seguridad y Salud en el trabajo En F&hellip;&nbsp;<a href=\"https:\/\/fyarepsac.com\/web\/seguridad\/\" rel=\"bookmark\">Leer m\u00e1s &raquo;<span class=\"screen-reader-text\">Seguridad y Salud en el Trabajo<\/span><\/a><\/p>\n","protected":false},"author":1,"featured_media":0,"parent":0,"menu_order":0,"comment_status":"closed","ping_status":"closed","template":"page-templates\/template-pagebuilder-full-width.php","meta":{"neve_meta_sidebar":"","neve_meta_container":"","neve_meta_enable_content_width":"","neve_meta_content_width":0,"neve_meta_title_alignment":"","neve_meta_author_avatar":"","neve_post_elements_order":"","neve_meta_disable_header":"","neve_meta_disable_footer":"","neve_meta_disable_title":"","footnotes":""},"class_list":["post-3882","page","type-page","status-publish","hentry"],"_links":{"self":[{"href":"https:\/\/fyarepsac.com\/web\/wp-json\/wp\/v2\/pages\/3882","targetHints":{"allow":["GET"]}}],"collection":[{"href":"https:\/\/fyarepsac.com\/web\/wp-json\/wp\/v2\/pages"}],"about":[{"href":"https:\/\/fyarepsac.com\/web\/wp-json\/wp\/v2\/types\/page"}],"author":[{"embeddable":true,"href":"https:\/\/fyarepsac.com\/web\/wp-json\/wp\/v2\/users\/1"}],"replies":[{"embeddable":true,"href":"https:\/\/fyarepsac.com\/web\/wp-json\/wp\/v2\/comments?post=3882"}],"version-history":[{"count":9,"href":"https:\/\/fyarepsac.com\/web\/wp-json\/wp\/v2\/pages\/3882\/revisions"}],"predecessor-version":[{"id":3921,"href":"https:\/\/fyarepsac.com\/web\/wp-json\/wp\/v2\/pages\/3882\/revisions\/3921"}],"wp:attachment":[{"href":"https:\/\/fyarepsac.com\/web\/wp-json\/wp\/v2\/media?parent=3882"}],"curies":[{"name":"wp","href":"https:\/\/api.w.org\/{rel}","templated":true}]}}