{"id":3506,"date":"2025-02-06T12:01:50","date_gmt":"2025-02-06T17:01:50","guid":{"rendered":"https:\/\/fyarepsac.com\/web\/?page_id=3506"},"modified":"2025-02-06T20:27:54","modified_gmt":"2025-02-07T01:27:54","slug":"b2b","status":"publish","type":"page","link":"https:\/\/fyarepsac.com\/web\/b2b\/","title":{"rendered":"B2B"},"content":{"rendered":"\t\t<div data-elementor-type=\"wp-page\" data-elementor-id=\"3506\" class=\"elementor elementor-3506\" data-elementor-settings=\"{&quot;ha_cmc_init_switcher&quot;:&quot;no&quot;}\" data-elementor-post-type=\"page\">\n\t\t\t\t<div class=\"elementor-element elementor-element-520c79f e-con-full e-flex e-con e-parent\" data-id=\"520c79f\" data-element_type=\"container\" data-settings=\"{&quot;background_background&quot;:&quot;classic&quot;,&quot;_ha_eqh_enable&quot;:false}\">\n\t\t<div class=\"elementor-element elementor-element-c33fefc e-flex e-con-boxed e-con e-child\" data-id=\"c33fefc\" data-element_type=\"container\" data-settings=\"{&quot;_ha_eqh_enable&quot;:false}\">\n\t\t\t\t\t<div class=\"e-con-inner\">\n\t\t\t\t<div class=\"elementor-element elementor-element-6fc8697 elementor-widget__width-initial elementor-widget elementor-widget-heading\" data-id=\"6fc8697\" data-element_type=\"widget\" data-widget_type=\"heading.default\">\n\t\t\t\t<div class=\"elementor-widget-container\">\n\t\t\t\t\t<h2 class=\"elementor-heading-title elementor-size-default\">Conectamos industrias, aseguramos calidad y confianza en cada entrega de alcohol<\/h2>\t\t\t\t<\/div>\n\t\t\t\t<\/div>\n\t\t\t\t\t<\/div>\n\t\t\t\t<\/div>\n\t\t\t\t<\/div>\n\t\t<div class=\"elementor-element elementor-element-da452e5 e-con-full e-flex e-con e-parent\" data-id=\"da452e5\" data-element_type=\"container\" data-settings=\"{&quot;_ha_eqh_enable&quot;:false}\">\n\t\t<div class=\"elementor-element elementor-element-406e6f0 e-flex e-con-boxed e-con e-child\" data-id=\"406e6f0\" data-element_type=\"container\" data-settings=\"{&quot;_ha_eqh_enable&quot;:false}\">\n\t\t\t\t\t<div class=\"e-con-inner\">\n\t\t<div class=\"elementor-element elementor-element-b7cb2f7 e-con-full e-flex e-con e-child\" data-id=\"b7cb2f7\" data-element_type=\"container\" data-settings=\"{&quot;background_background&quot;:&quot;classic&quot;,&quot;_ha_eqh_enable&quot;:false}\">\n\t\t\t\t<\/div>\n\t\t<div class=\"elementor-element elementor-element-0723e72 e-con-full elementor-hidden-mobile e-flex e-con e-child\" data-id=\"0723e72\" data-element_type=\"container\" data-settings=\"{&quot;background_background&quot;:&quot;classic&quot;,&quot;_ha_eqh_enable&quot;:false}\">\n\t\t<div class=\"elementor-element elementor-element-750129e e-con-full e-flex e-con e-child\" data-id=\"750129e\" data-element_type=\"container\" data-settings=\"{&quot;background_background&quot;:&quot;classic&quot;,&quot;_ha_eqh_enable&quot;:false}\">\n\t\t\t\t<div class=\"elementor-element elementor-element-015cffd elementor-blockquote--skin-quotation elementor-blockquote--button-color-official elementor-widget elementor-widget-blockquote\" data-id=\"015cffd\" data-element_type=\"widget\" data-widget_type=\"blockquote.default\">\n\t\t\t\t<div class=\"elementor-widget-container\">\n\t\t\t\t\t\t\t<blockquote class=\"elementor-blockquote\">\n\t\t\t<p class=\"elementor-blockquote__content\">\n\t\t\t\tEl modelo B2B en la venta de alcohol no es solo una transacci\u00f3n, sino una relaci\u00f3n estrat\u00e9gica basada en confianza, eficiencia y cumplimiento normativo, garantizando un suministro seguro y certificado para diversas industrias.\t\t\t<\/p>\n\t\t\t\t\t<\/blockquote>\n\t\t\t\t\t\t<\/div>\n\t\t\t\t<\/div>\n\t\t\t\t<\/div>\n\t\t\t\t<\/div>\n\t\t\t\t\t<\/div>\n\t\t\t\t<\/div>\n\t\t\t\t<\/div>\n\t\t<div class=\"elementor-element elementor-element-2e5dc35 e-flex e-con-boxed e-con e-parent\" data-id=\"2e5dc35\" data-element_type=\"container\" data-settings=\"{&quot;_ha_eqh_enable&quot;:false}\">\n\t\t\t\t\t<div class=\"e-con-inner\">\n\t\t<div class=\"elementor-element elementor-element-6e2641f e-con-full e-flex e-con e-child\" data-id=\"6e2641f\" data-element_type=\"container\" data-settings=\"{&quot;_ha_eqh_enable&quot;:false}\">\n\t\t<div class=\"elementor-element elementor-element-1efa9b6 e-con-full e-flex e-con e-child\" data-id=\"1efa9b6\" data-element_type=\"container\" data-settings=\"{&quot;_ha_eqh_enable&quot;:false}\">\n\t\t<div class=\"elementor-element elementor-element-d7c279c e-con-full e-flex e-con e-child\" data-id=\"d7c279c\" data-element_type=\"container\" data-settings=\"{&quot;_ha_eqh_enable&quot;:false}\">\n\t\t\t\t<div class=\"elementor-element elementor-element-7b50ebb elementor-widget elementor-widget-heading\" data-id=\"7b50ebb\" data-element_type=\"widget\" data-widget_type=\"heading.default\">\n\t\t\t\t<div class=\"elementor-widget-container\">\n\t\t\t\t\t<h1 class=\"elementor-heading-title elementor-size-default\">B2B en la Industria del Alcohol: Construyendo Relaciones Comerciales S\u00f3lidas y Eficientes<\/h1>\t\t\t\t<\/div>\n\t\t\t\t<\/div>\n\t\t\t\t<\/div>\n\t\t<div class=\"elementor-element elementor-element-ed755d3 e-con-full e-flex e-con e-child\" data-id=\"ed755d3\" data-element_type=\"container\" data-settings=\"{&quot;_ha_eqh_enable&quot;:false}\">\n\t\t\t\t<div class=\"elementor-element elementor-element-b01f707 elementor-widget elementor-widget-text-editor\" data-id=\"b01f707\" data-element_type=\"widget\" data-widget_type=\"text-editor.default\">\n\t\t\t\t<div class=\"elementor-widget-container\">\n\t\t\t\t\t\t\t\t\tEl modelo B2B en la venta de alcohol no solo implica la comercializaci\u00f3n de un producto, sino la construcci\u00f3n de relaciones comerciales estrat\u00e9gicas basadas en la confianza, la transparencia y la eficiencia operativa. En un mercado donde la calidad y la seguridad son fundamentales, contar con un proveedor confiable marca la diferencia en la sostenibilidad y competitividad de las empresas que requieren este insumo en sus procesos productivos.\t\t\t\t\t\t\t\t<\/div>\n\t\t\t\t<\/div>\n\t\t\t\t<div class=\"elementor-element elementor-element-f4a5e35 elementor-widget elementor-widget-text-editor\" data-id=\"f4a5e35\" data-element_type=\"widget\" data-widget_type=\"text-editor.default\">\n\t\t\t\t<div class=\"elementor-widget-container\">\n\t\t\t\t\t\t\t\t\tEn FYAREPSAC, entendemos la importancia de estas relaciones y nos comprometemos a ofrecer soluciones adaptadas a las necesidades de cada cliente, asegurando un suministro eficiente, seguro y certificado de alcohol para diversas industrias.\t\t\t\t\t\t\t\t<\/div>\n\t\t\t\t<\/div>\n\t\t\t\t<\/div>\n\t\t<div class=\"elementor-element elementor-element-452294f e-con-full e-flex e-con e-child\" data-id=\"452294f\" data-element_type=\"container\" data-settings=\"{&quot;_ha_eqh_enable&quot;:false}\">\n\t\t\t\t<div class=\"elementor-element elementor-element-faeda8d elementor-widget elementor-widget-heading\" data-id=\"faeda8d\" data-element_type=\"widget\" data-widget_type=\"heading.default\">\n\t\t\t\t<div class=\"elementor-widget-container\">\n\t\t\t\t\t<h2 class=\"elementor-heading-title elementor-size-default\">Beneficios del B2B en la Comercializaci\u00f3n de Alcohol<\/h2>\t\t\t\t<\/div>\n\t\t\t\t<\/div>\n\t\t\t\t<\/div>\n\t\t<div class=\"elementor-element elementor-element-cdea631 e-con-full e-flex e-con e-child\" data-id=\"cdea631\" data-element_type=\"container\" data-settings=\"{&quot;_ha_eqh_enable&quot;:false}\">\n\t\t<div class=\"elementor-element elementor-element-5f350cb e-con-full e-flex e-con e-child\" data-id=\"5f350cb\" data-element_type=\"container\" data-settings=\"{&quot;_ha_eqh_enable&quot;:false}\">\n\t\t\t\t<div class=\"elementor-element elementor-element-d9971f6 elementor-widget elementor-widget-heading\" data-id=\"d9971f6\" data-element_type=\"widget\" data-widget_type=\"heading.default\">\n\t\t\t\t<div class=\"elementor-widget-container\">\n\t\t\t\t\t<h2 class=\"elementor-heading-title elementor-size-default\">Eficiencia en la cadena de suministro:<\/h2>\t\t\t\t<\/div>\n\t\t\t\t<\/div>\n\t\t\t\t<div class=\"elementor-element elementor-element-61690ec elementor-widget elementor-widget-text-editor\" data-id=\"61690ec\" data-element_type=\"widget\" data-widget_type=\"text-editor.default\">\n\t\t\t\t<div class=\"elementor-widget-container\">\n\t\t\t\t\t\t\t\t\tEficiencia en la cadena de suministro:\nA trav\u00e9s de relaciones comerciales bien estructuradas, las empresas pueden acceder a un flujo de abastecimiento constante, minimizando tiempos de espera y costos operativos.\t\t\t\t\t\t\t\t<\/div>\n\t\t\t\t<\/div>\n\t\t\t\t<\/div>\n\t\t<div class=\"elementor-element elementor-element-f684d0f e-con-full e-flex e-con e-child\" data-id=\"f684d0f\" data-element_type=\"container\" data-settings=\"{&quot;_ha_eqh_enable&quot;:false}\">\n\t\t\t\t<div class=\"elementor-element elementor-element-00c4015 elementor-widget elementor-widget-heading\" data-id=\"00c4015\" data-element_type=\"widget\" data-widget_type=\"heading.default\">\n\t\t\t\t<div class=\"elementor-widget-container\">\n\t\t\t\t\t<h2 class=\"elementor-heading-title elementor-size-default\">Cumplimiento normativo y certificaciones:<\/h2>\t\t\t\t<\/div>\n\t\t\t\t<\/div>\n\t\t\t\t<div class=\"elementor-element elementor-element-b746cea elementor-widget elementor-widget-text-editor\" data-id=\"b746cea\" data-element_type=\"widget\" data-widget_type=\"text-editor.default\">\n\t\t\t\t<div class=\"elementor-widget-container\">\n\t\t\t\t\t\t\t\t\tEn la industria del alcohol, cumplir con normativas nacionales e internacionales es esencial. Un proveedor B2B debe garantizar que sus productos cuenten con certificaciones como ISO 22000, HACCP, Kosher y Buenas Pr\u00e1cticas de Manufactura (BPM), brindando seguridad y confianza en cada transacci\u00f3n.\t\t\t\t\t\t\t\t<\/div>\n\t\t\t\t<\/div>\n\t\t\t\t<\/div>\n\t\t<div class=\"elementor-element elementor-element-a6025f1 e-con-full e-flex e-con e-child\" data-id=\"a6025f1\" data-element_type=\"container\" data-settings=\"{&quot;_ha_eqh_enable&quot;:false}\">\n\t\t\t\t<div class=\"elementor-element elementor-element-2300c69 elementor-widget elementor-widget-heading\" data-id=\"2300c69\" data-element_type=\"widget\" data-widget_type=\"heading.default\">\n\t\t\t\t<div class=\"elementor-widget-container\">\n\t\t\t\t\t<h2 class=\"elementor-heading-title elementor-size-default\">Flexibilidad en vol\u00famenes y formatos:<\/h2>\t\t\t\t<\/div>\n\t\t\t\t<\/div>\n\t\t\t\t<div class=\"elementor-element elementor-element-40900b1 elementor-widget elementor-widget-text-editor\" data-id=\"40900b1\" data-element_type=\"widget\" data-widget_type=\"text-editor.default\">\n\t\t\t\t<div class=\"elementor-widget-container\">\n\t\t\t\t\t\t\t\t\tA diferencia del mercado minorista, en el B2B se pueden personalizar los pedidos seg\u00fan las necesidades de cada cliente, desde grandes vol\u00famenes para producci\u00f3n industrial hasta formatos espec\u00edficos para sectores especializados.\t\t\t\t\t\t\t\t<\/div>\n\t\t\t\t<\/div>\n\t\t\t\t<\/div>\n\t\t<div class=\"elementor-element elementor-element-5d266b8 e-con-full e-flex e-con e-child\" data-id=\"5d266b8\" data-element_type=\"container\" data-settings=\"{&quot;_ha_eqh_enable&quot;:false}\">\n\t\t\t\t<div class=\"elementor-element elementor-element-a6546bc elementor-widget elementor-widget-heading\" data-id=\"a6546bc\" data-element_type=\"widget\" data-widget_type=\"heading.default\">\n\t\t\t\t<div class=\"elementor-widget-container\">\n\t\t\t\t\t<h2 class=\"elementor-heading-title elementor-size-default\">Precios competitivos y acuerdos comerciales a largo plazo:<\/h2>\t\t\t\t<\/div>\n\t\t\t\t<\/div>\n\t\t\t\t<div class=\"elementor-element elementor-element-16f9228 elementor-widget elementor-widget-text-editor\" data-id=\"16f9228\" data-element_type=\"widget\" data-widget_type=\"text-editor.default\">\n\t\t\t\t<div class=\"elementor-widget-container\">\n\t\t\t\t\t\t\t\t\tAl operar bajo el modelo B2B, las empresas pueden negociar mejores condiciones comerciales, accediendo a precios m\u00e1s competitivos y acuerdos de suministro a largo plazo que optimizan costos.\t\t\t\t\t\t\t\t<\/div>\n\t\t\t\t<\/div>\n\t\t\t\t<\/div>\n\t\t<div class=\"elementor-element elementor-element-d373a3d e-con-full e-flex e-con e-child\" data-id=\"d373a3d\" data-element_type=\"container\" data-settings=\"{&quot;_ha_eqh_enable&quot;:false}\">\n\t\t\t\t<div class=\"elementor-element elementor-element-40e5fca elementor-widget elementor-widget-heading\" data-id=\"40e5fca\" data-element_type=\"widget\" data-widget_type=\"heading.default\">\n\t\t\t\t<div class=\"elementor-widget-container\">\n\t\t\t\t\t<h2 class=\"elementor-heading-title elementor-size-default\">Asesor\u00eda y soporte t\u00e9cnico especializado:<\/h2>\t\t\t\t<\/div>\n\t\t\t\t<\/div>\n\t\t\t\t<div class=\"elementor-element elementor-element-60353fe elementor-widget elementor-widget-text-editor\" data-id=\"60353fe\" data-element_type=\"widget\" data-widget_type=\"text-editor.default\">\n\t\t\t\t<div class=\"elementor-widget-container\">\n\t\t\t\t\t\t\t\t\tEn un entorno regulado como el del alcohol, contar con un proveedor que brinde asesor\u00eda t\u00e9cnica sobre normativas, aplicaciones del producto y procesos de almacenamiento es un valor agregado que permite optimizar el uso del insumo.\t\t\t\t\t\t\t\t<\/div>\n\t\t\t\t<\/div>\n\t\t\t\t<\/div>\n\t\t\t\t<\/div>\n\t\t\t\t<\/div>\n\t\t\t\t<\/div>\n\t\t\t\t\t<\/div>\n\t\t\t\t<\/div>\n\t\t\t\t<\/div>\n\t\t","protected":false},"excerpt":{"rendered":"<p>Conectamos industrias, aseguramos calidad y confianza en cada entrega de alcohol El modelo B2B en la venta de alcohol no es solo una transacci\u00f3n, sino una relaci\u00f3n estrat\u00e9gica basada en confianza, eficiencia y cumplimiento normativo, garantizando un suministro seguro y certificado para diversas industrias. B2B en la Industria del Alcohol: Construyendo Relaciones Comerciales S\u00f3lidas y&hellip;&nbsp;<a href=\"https:\/\/fyarepsac.com\/web\/b2b\/\" rel=\"bookmark\">Leer m\u00e1s &raquo;<span class=\"screen-reader-text\">B2B<\/span><\/a><\/p>\n","protected":false},"author":1,"featured_media":0,"parent":0,"menu_order":0,"comment_status":"closed","ping_status":"closed","template":"page-templates\/template-pagebuilder-full-width.php","meta":{"neve_meta_sidebar":"","neve_meta_container":"","neve_meta_enable_content_width":"","neve_meta_content_width":0,"neve_meta_title_alignment":"","neve_meta_author_avatar":"","neve_post_elements_order":"","neve_meta_disable_header":"","neve_meta_disable_footer":"","neve_meta_disable_title":"","footnotes":""},"class_list":["post-3506","page","type-page","status-publish","hentry"],"_links":{"self":[{"href":"https:\/\/fyarepsac.com\/web\/wp-json\/wp\/v2\/pages\/3506","targetHints":{"allow":["GET"]}}],"collection":[{"href":"https:\/\/fyarepsac.com\/web\/wp-json\/wp\/v2\/pages"}],"about":[{"href":"https:\/\/fyarepsac.com\/web\/wp-json\/wp\/v2\/types\/page"}],"author":[{"embeddable":true,"href":"https:\/\/fyarepsac.com\/web\/wp-json\/wp\/v2\/users\/1"}],"replies":[{"embeddable":true,"href":"https:\/\/fyarepsac.com\/web\/wp-json\/wp\/v2\/comments?post=3506"}],"version-history":[{"count":26,"href":"https:\/\/fyarepsac.com\/web\/wp-json\/wp\/v2\/pages\/3506\/revisions"}],"predecessor-version":[{"id":3738,"href":"https:\/\/fyarepsac.com\/web\/wp-json\/wp\/v2\/pages\/3506\/revisions\/3738"}],"wp:attachment":[{"href":"https:\/\/fyarepsac.com\/web\/wp-json\/wp\/v2\/media?parent=3506"}],"curies":[{"name":"wp","href":"https:\/\/api.w.org\/{rel}","templated":true}]}}