{"id":3021,"date":"2025-01-03T19:09:43","date_gmt":"2025-01-04T00:09:43","guid":{"rendered":"https:\/\/fyarepsac.com\/web\/?page_id=3021"},"modified":"2025-02-14T19:29:01","modified_gmt":"2025-02-15T00:29:01","slug":"sedes","status":"publish","type":"page","link":"https:\/\/fyarepsac.com\/web\/sedes\/","title":{"rendered":"Sedes"},"content":{"rendered":"\t\t<div data-elementor-type=\"wp-page\" data-elementor-id=\"3021\" class=\"elementor elementor-3021\" data-elementor-settings=\"{&quot;ha_cmc_init_switcher&quot;:&quot;no&quot;}\" data-elementor-post-type=\"page\">\n\t\t\t\t<div class=\"elementor-element elementor-element-ac50db7 e-con-full e-flex e-con e-parent\" data-id=\"ac50db7\" data-element_type=\"container\" data-settings=\"{&quot;background_background&quot;:&quot;classic&quot;,&quot;_ha_eqh_enable&quot;:false}\">\n\t\t<div class=\"elementor-element elementor-element-6abde03 e-flex e-con-boxed e-con e-child\" data-id=\"6abde03\" data-element_type=\"container\" data-settings=\"{&quot;_ha_eqh_enable&quot;:false}\">\n\t\t\t\t\t<div class=\"e-con-inner\">\n\t\t\t\t<div class=\"elementor-element elementor-element-90428f8 elementor-widget__width-initial elementor-widget elementor-widget-heading\" data-id=\"90428f8\" data-element_type=\"widget\" data-widget_type=\"heading.default\">\n\t\t\t\t<div class=\"elementor-widget-container\">\n\t\t\t\t\t<h1 class=\"elementor-heading-title elementor-size-default\">Garantizamos cobertura, eficiencia y calidad en cada entrega.<\/h1>\t\t\t\t<\/div>\n\t\t\t\t<\/div>\n\t\t\t\t\t<\/div>\n\t\t\t\t<\/div>\n\t\t\t\t<\/div>\n\t\t<div class=\"elementor-element elementor-element-07e4ce0 e-con-full e-flex e-con e-parent\" data-id=\"07e4ce0\" data-element_type=\"container\" data-settings=\"{&quot;_ha_eqh_enable&quot;:false}\">\n\t\t<div class=\"elementor-element elementor-element-8b5d2df elementor-hidden-desktop elementor-hidden-tablet elementor-hidden-mobile e-flex e-con-boxed e-con e-child\" data-id=\"8b5d2df\" data-element_type=\"container\" data-settings=\"{&quot;_ha_eqh_enable&quot;:false}\">\n\t\t\t\t\t<div class=\"e-con-inner\">\n\t\t\t\t<div class=\"elementor-element elementor-element-5faccfa elementor-widget elementor-widget-heading\" data-id=\"5faccfa\" data-element_type=\"widget\" data-widget_type=\"heading.default\">\n\t\t\t\t<div class=\"elementor-widget-container\">\n\t\t\t\t\t<h2 class=\"elementor-heading-title elementor-size-default\">Nuestras Sedes <\/h2>\t\t\t\t<\/div>\n\t\t\t\t<\/div>\n\t\t\t\t\t<\/div>\n\t\t\t\t<\/div>\n\t\t\t\t<\/div>\n\t\t<div class=\"elementor-element elementor-element-dfc1f9d e-con-full e-flex e-con e-parent\" data-id=\"dfc1f9d\" data-element_type=\"container\" data-settings=\"{&quot;_ha_eqh_enable&quot;:false}\">\n\t\t<div class=\"elementor-element elementor-element-898704a e-flex e-con-boxed e-con e-child\" data-id=\"898704a\" data-element_type=\"container\" data-settings=\"{&quot;_ha_eqh_enable&quot;:false}\">\n\t\t\t\t\t<div class=\"e-con-inner\">\n\t\t<div class=\"elementor-element elementor-element-100e376 e-con-full e-flex e-con e-child\" data-id=\"100e376\" data-element_type=\"container\" data-settings=\"{&quot;_ha_eqh_enable&quot;:false}\">\n\t\t\t\t<div class=\"elementor-element elementor-element-3378bfd elementor-widget elementor-widget-image\" data-id=\"3378bfd\" data-element_type=\"widget\" data-widget_type=\"image.default\">\n\t\t\t\t<div class=\"elementor-widget-container\">\n\t\t\t\t\t\t\t\t\t\t\t\t\t\t\t<img fetchpriority=\"high\" decoding=\"async\" width=\"800\" height=\"499\" src=\"https:\/\/fyarepsac.com\/web\/wp-content\/uploads\/2025\/01\/pq1-opt.webp\" class=\"attachment-large size-large wp-image-3193\" alt=\"\" srcset=\"https:\/\/fyarepsac.com\/web\/wp-content\/uploads\/2025\/01\/pq1-opt.webp 800w, https:\/\/fyarepsac.com\/web\/wp-content\/uploads\/2025\/01\/pq1-opt-300x187.webp 300w, https:\/\/fyarepsac.com\/web\/wp-content\/uploads\/2025\/01\/pq1-opt-768x479.webp 768w\" sizes=\"(max-width: 800px) 100vw, 800px\" \/>\t\t\t\t\t\t\t\t\t\t\t\t\t\t\t<\/div>\n\t\t\t\t<\/div>\n\t\t\t\t<\/div>\n\t\t<div class=\"elementor-element elementor-element-ea39251 e-con-full e-flex e-con e-child\" data-id=\"ea39251\" data-element_type=\"container\" data-settings=\"{&quot;_ha_eqh_enable&quot;:false}\">\n\t\t\t\t<div class=\"elementor-element elementor-element-fc500a8 elementor-widget elementor-widget-text-editor\" data-id=\"fc500a8\" data-element_type=\"widget\" data-widget_type=\"text-editor.default\">\n\t\t\t\t<div class=\"elementor-widget-container\">\n\t\t\t\t\t\t\t\t\tEn FYAREPSAC, contamos con sedes estrat\u00e9gicamente ubicadas para garantizar una atenci\u00f3n eficiente en las principales zonas comerciales e industriales. Esto nos permite ofrecer un servicio \u00e1gil, con precios competitivos y productos de la m\u00e1s alta calidad. <br><br>Nuestra infraestructura nos respalda para asegurar un suministro confiable, cumpliendo con los est\u00e1ndares exigidos por nuestros clientes.\n\nUn manejo eficiente de la cadena log\u00edstica es crucial para fortalecer relaciones duraderas y estrat\u00e9gicas.\t\t\t\t\t\t\t\t<\/div>\n\t\t\t\t<\/div>\n\t\t\t\t<\/div>\n\t\t\t\t\t<\/div>\n\t\t\t\t<\/div>\n\t\t\t\t<\/div>\n\t\t<div class=\"elementor-element elementor-element-85e4036 e-con-full e-flex e-con e-parent\" data-id=\"85e4036\" data-element_type=\"container\" data-settings=\"{&quot;_ha_eqh_enable&quot;:false}\">\n\t\t<div class=\"elementor-element elementor-element-cad5593 e-flex e-con-boxed e-con e-child\" data-id=\"cad5593\" data-element_type=\"container\" data-settings=\"{&quot;_ha_eqh_enable&quot;:false}\">\n\t\t\t\t\t<div class=\"e-con-inner\">\n\t\t<div class=\"elementor-element elementor-element-0bdb608 e-con-full e-flex e-con e-child\" data-id=\"0bdb608\" data-element_type=\"container\" data-settings=\"{&quot;_ha_eqh_enable&quot;:false}\">\n\t\t<div class=\"elementor-element elementor-element-9fc8dab e-con-full e-flex e-con e-child\" data-id=\"9fc8dab\" data-element_type=\"container\" data-settings=\"{&quot;_ha_eqh_enable&quot;:false}\">\n\t\t\t\t<div class=\"elementor-element elementor-element-0682332 elementor-widget elementor-widget-text-editor\" data-id=\"0682332\" data-element_type=\"widget\" data-widget_type=\"text-editor.default\">\n\t\t\t\t<div class=\"elementor-widget-container\">\n\t\t\t\t\t\t\t\t\tVILLA EL SALVADOR\t\t\t\t\t\t\t\t<\/div>\n\t\t\t\t<\/div>\n\t\t\t\t<\/div>\n\t\t<div class=\"elementor-element elementor-element-e700ecf e-con-full e-flex e-con e-child\" data-id=\"e700ecf\" data-element_type=\"container\" data-settings=\"{&quot;_ha_eqh_enable&quot;:false}\">\n\t\t\t\t<div class=\"elementor-element elementor-element-e510300 elementor-widget elementor-widget-text-editor\" data-id=\"e510300\" data-element_type=\"widget\" data-widget_type=\"text-editor.default\">\n\t\t\t\t<div class=\"elementor-widget-container\">\n\t\t\t\t\t\t\t\t\tC. 14, Villa EL Salvador\t\t\t\t\t\t\t\t<\/div>\n\t\t\t\t<\/div>\n\t\t\t\t<\/div>\n\t\t<div class=\"elementor-element elementor-element-07c1bc0 e-con-full e-flex e-con e-child\" data-id=\"07c1bc0\" data-element_type=\"container\" data-settings=\"{&quot;_ha_eqh_enable&quot;:false}\">\n\t\t\t\t<div class=\"elementor-element elementor-element-9515aee elementor-widget elementor-widget-image\" data-id=\"9515aee\" data-element_type=\"widget\" data-widget_type=\"image.default\">\n\t\t\t\t<div class=\"elementor-widget-container\">\n\t\t\t\t\t\t\t\t\t\t\t\t\t\t\t<img decoding=\"async\" width=\"517\" height=\"252\" src=\"https:\/\/fyarepsac.com\/web\/wp-content\/uploads\/2025\/01\/VILLAELSALVADOR-1-opt.webp\" class=\"attachment-large size-large wp-image-3225\" alt=\"\" srcset=\"https:\/\/fyarepsac.com\/web\/wp-content\/uploads\/2025\/01\/VILLAELSALVADOR-1-opt.webp 517w, https:\/\/fyarepsac.com\/web\/wp-content\/uploads\/2025\/01\/VILLAELSALVADOR-1-opt-300x146.webp 300w\" sizes=\"(max-width: 517px) 100vw, 517px\" \/>\t\t\t\t\t\t\t\t\t\t\t\t\t\t\t<\/div>\n\t\t\t\t<\/div>\n\t\t\t\t<\/div>\n\t\t\t\t<\/div>\n\t\t<div class=\"elementor-element elementor-element-e44af6e e-con-full e-flex e-con e-child\" data-id=\"e44af6e\" data-element_type=\"container\" data-settings=\"{&quot;_ha_eqh_enable&quot;:false}\">\n\t\t\t\t<div class=\"elementor-element elementor-element-b659658 elementor-widget elementor-widget-google_maps\" data-id=\"b659658\" data-element_type=\"widget\" data-widget_type=\"google_maps.default\">\n\t\t\t\t<div class=\"elementor-widget-container\">\n\t\t\t\t\t\t\t<div class=\"elementor-custom-embed\">\n\t\t\t<iframe loading=\"lazy\"\n\t\t\t\t\tsrc=\"https:\/\/maps.google.com\/maps?q=Q2JM%2B855%2C%20C.%2014%2C%20Villa%20EL%20Salvador%2015842&#038;t=m&#038;z=16&#038;output=embed&#038;iwloc=near\"\n\t\t\t\t\ttitle=\"Q2JM+855, C. 14, Villa EL Salvador 15842\"\n\t\t\t\t\taria-label=\"Q2JM+855, C. 14, Villa EL Salvador 15842\"\n\t\t\t><\/iframe>\n\t\t<\/div>\n\t\t\t\t\t\t<\/div>\n\t\t\t\t<\/div>\n\t\t\t\t<\/div>\n\t\t\t\t\t<\/div>\n\t\t\t\t<\/div>\n\t\t\t\t<\/div>\n\t\t<div class=\"elementor-element elementor-element-e824f3b e-con-full e-flex e-con e-parent\" data-id=\"e824f3b\" data-element_type=\"container\" data-settings=\"{&quot;_ha_eqh_enable&quot;:false}\">\n\t\t<div class=\"elementor-element elementor-element-bad90f8 e-flex e-con-boxed e-con e-child\" data-id=\"bad90f8\" data-element_type=\"container\" data-settings=\"{&quot;_ha_eqh_enable&quot;:false}\">\n\t\t\t\t\t<div class=\"e-con-inner\">\n\t\t<div class=\"elementor-element elementor-element-e0613b6 e-con-full e-flex e-con e-child\" data-id=\"e0613b6\" data-element_type=\"container\" data-settings=\"{&quot;_ha_eqh_enable&quot;:false}\">\n\t\t<div class=\"elementor-element elementor-element-d0001f1 e-con-full e-flex e-con e-child\" data-id=\"d0001f1\" data-element_type=\"container\" data-settings=\"{&quot;_ha_eqh_enable&quot;:false}\">\n\t\t\t\t<div class=\"elementor-element elementor-element-2e304a3 elementor-widget elementor-widget-text-editor\" data-id=\"2e304a3\" data-element_type=\"widget\" data-widget_type=\"text-editor.default\">\n\t\t\t\t<div class=\"elementor-widget-container\">\n\t\t\t\t\t\t\t\t\tSAN MIGUEL\t\t\t\t\t\t\t\t<\/div>\n\t\t\t\t<\/div>\n\t\t\t\t<\/div>\n\t\t<div class=\"elementor-element elementor-element-67df9d3 e-con-full e-flex e-con e-child\" data-id=\"67df9d3\" data-element_type=\"container\" data-settings=\"{&quot;_ha_eqh_enable&quot;:false}\">\n\t\t\t\t<div class=\"elementor-element elementor-element-e4e9b95 elementor-widget elementor-widget-text-editor\" data-id=\"e4e9b95\" data-element_type=\"widget\" data-widget_type=\"text-editor.default\">\n\t\t\t\t<div class=\"elementor-widget-container\">\n\t\t\t\t\t\t\t\t\tAv. La Paz 1526 \u2013 1530 Urb. Miramar\t\t\t\t\t\t\t\t<\/div>\n\t\t\t\t<\/div>\n\t\t\t\t<\/div>\n\t\t<div class=\"elementor-element elementor-element-5160dda e-con-full e-flex e-con e-child\" data-id=\"5160dda\" data-element_type=\"container\" data-settings=\"{&quot;_ha_eqh_enable&quot;:false}\">\n\t\t\t\t<div class=\"elementor-element elementor-element-de2c9cd elementor-widget elementor-widget-image\" data-id=\"de2c9cd\" data-element_type=\"widget\" data-widget_type=\"image.default\">\n\t\t\t\t<div class=\"elementor-widget-container\">\n\t\t\t\t\t\t\t\t\t\t\t\t\t\t\t<img decoding=\"async\" width=\"684\" height=\"357\" src=\"https:\/\/fyarepsac.com\/web\/wp-content\/uploads\/2025\/01\/AVLAPAZ-opt.webp\" class=\"attachment-large size-large wp-image-3226\" alt=\"\" srcset=\"https:\/\/fyarepsac.com\/web\/wp-content\/uploads\/2025\/01\/AVLAPAZ-opt.webp 684w, https:\/\/fyarepsac.com\/web\/wp-content\/uploads\/2025\/01\/AVLAPAZ-opt-300x157.webp 300w\" sizes=\"(max-width: 684px) 100vw, 684px\" \/>\t\t\t\t\t\t\t\t\t\t\t\t\t\t\t<\/div>\n\t\t\t\t<\/div>\n\t\t\t\t<\/div>\n\t\t\t\t<\/div>\n\t\t<div class=\"elementor-element elementor-element-35ee377 e-con-full e-flex e-con e-child\" data-id=\"35ee377\" data-element_type=\"container\" data-settings=\"{&quot;_ha_eqh_enable&quot;:false}\">\n\t\t\t\t<div class=\"elementor-element elementor-element-cfe9184 elementor-widget elementor-widget-google_maps\" data-id=\"cfe9184\" data-element_type=\"widget\" data-widget_type=\"google_maps.default\">\n\t\t\t\t<div class=\"elementor-widget-container\">\n\t\t\t\t\t\t\t<div class=\"elementor-custom-embed\">\n\t\t\t<iframe loading=\"lazy\"\n\t\t\t\t\tsrc=\"https:\/\/maps.google.com\/maps?q=av.%20la%20paz%201526&#038;t=m&#038;z=16&#038;output=embed&#038;iwloc=near\"\n\t\t\t\t\ttitle=\"av. la paz 1526\"\n\t\t\t\t\taria-label=\"av. la paz 1526\"\n\t\t\t><\/iframe>\n\t\t<\/div>\n\t\t\t\t\t\t<\/div>\n\t\t\t\t<\/div>\n\t\t\t\t<\/div>\n\t\t\t\t\t<\/div>\n\t\t\t\t<\/div>\n\t\t\t\t<\/div>\n\t\t<div class=\"elementor-element elementor-element-dff2dee e-con-full e-flex e-con e-parent\" data-id=\"dff2dee\" data-element_type=\"container\" data-settings=\"{&quot;_ha_eqh_enable&quot;:false}\">\n\t\t<div class=\"elementor-element elementor-element-ea05e26 e-flex e-con-boxed e-con e-child\" data-id=\"ea05e26\" data-element_type=\"container\" data-settings=\"{&quot;_ha_eqh_enable&quot;:false}\">\n\t\t\t\t\t<div class=\"e-con-inner\">\n\t\t<div class=\"elementor-element elementor-element-1797a64 e-con-full e-flex e-con e-child\" data-id=\"1797a64\" data-element_type=\"container\" data-settings=\"{&quot;_ha_eqh_enable&quot;:false}\">\n\t\t<div class=\"elementor-element elementor-element-8cb274e e-con-full e-flex e-con e-child\" data-id=\"8cb274e\" data-element_type=\"container\" data-settings=\"{&quot;_ha_eqh_enable&quot;:false}\">\n\t\t\t\t<div class=\"elementor-element elementor-element-b6889a5 elementor-widget elementor-widget-text-editor\" data-id=\"b6889a5\" data-element_type=\"widget\" data-widget_type=\"text-editor.default\">\n\t\t\t\t<div class=\"elementor-widget-container\">\n\t\t\t\t\t\t\t\t\tAREQUIPA\t\t\t\t\t\t\t\t<\/div>\n\t\t\t\t<\/div>\n\t\t\t\t<\/div>\n\t\t<div class=\"elementor-element elementor-element-c552c9f e-con-full e-flex e-con e-child\" data-id=\"c552c9f\" data-element_type=\"container\" data-settings=\"{&quot;_ha_eqh_enable&quot;:false}\">\n\t\t\t\t<div class=\"elementor-element elementor-element-7028520 elementor-widget elementor-widget-text-editor\" data-id=\"7028520\" data-element_type=\"widget\" data-widget_type=\"text-editor.default\">\n\t\t\t\t<div class=\"elementor-widget-container\">\n\t\t\t\t\t\t\t\t\tCerro Colorado\t\t\t\t\t\t\t\t<\/div>\n\t\t\t\t<\/div>\n\t\t\t\t<\/div>\n\t\t<div class=\"elementor-element elementor-element-36731f0 e-con-full e-flex e-con e-child\" data-id=\"36731f0\" data-element_type=\"container\" data-settings=\"{&quot;_ha_eqh_enable&quot;:false}\">\n\t\t\t\t<div class=\"elementor-element elementor-element-8d76639 elementor-widget elementor-widget-image\" data-id=\"8d76639\" data-element_type=\"widget\" data-widget_type=\"image.default\">\n\t\t\t\t<div class=\"elementor-widget-container\">\n\t\t\t\t\t\t\t\t\t\t\t\t\t\t\t<img loading=\"lazy\" decoding=\"async\" width=\"426\" height=\"240\" src=\"https:\/\/fyarepsac.com\/web\/wp-content\/uploads\/2025\/02\/fachada-arequipa.jpeg\" class=\"attachment-large size-large wp-image-3683\" alt=\"\" srcset=\"https:\/\/fyarepsac.com\/web\/wp-content\/uploads\/2025\/02\/fachada-arequipa.jpeg 426w, https:\/\/fyarepsac.com\/web\/wp-content\/uploads\/2025\/02\/fachada-arequipa-300x169.jpeg 300w\" sizes=\"(max-width: 426px) 100vw, 426px\" \/>\t\t\t\t\t\t\t\t\t\t\t\t\t\t\t<\/div>\n\t\t\t\t<\/div>\n\t\t\t\t<\/div>\n\t\t\t\t<\/div>\n\t\t<div class=\"elementor-element elementor-element-ded3b2c e-con-full e-flex e-con e-child\" data-id=\"ded3b2c\" data-element_type=\"container\" data-settings=\"{&quot;_ha_eqh_enable&quot;:false}\">\n\t\t\t\t<div class=\"elementor-element elementor-element-1266be8 elementor-widget elementor-widget-google_maps\" data-id=\"1266be8\" data-element_type=\"widget\" data-widget_type=\"google_maps.default\">\n\t\t\t\t<div class=\"elementor-widget-container\">\n\t\t\t\t\t\t\t<div class=\"elementor-custom-embed\">\n\t\t\t<iframe loading=\"lazy\"\n\t\t\t\t\tsrc=\"https:\/\/maps.google.com\/maps?q=-16.352161050571222%2C%20-71.60331671468012&#038;t=m&#038;z=16&#038;output=embed&#038;iwloc=near\"\n\t\t\t\t\ttitle=\"-16.352161050571222, -71.60331671468012\"\n\t\t\t\t\taria-label=\"-16.352161050571222, -71.60331671468012\"\n\t\t\t><\/iframe>\n\t\t<\/div>\n\t\t\t\t\t\t<\/div>\n\t\t\t\t<\/div>\n\t\t\t\t<\/div>\n\t\t\t\t\t<\/div>\n\t\t\t\t<\/div>\n\t\t\t\t<\/div>\n\t\t\t\t<\/div>\n\t\t","protected":false},"excerpt":{"rendered":"<p>Garantizamos cobertura, eficiencia y calidad en cada entrega. Nuestras Sedes En FYAREPSAC, contamos con sedes estrat\u00e9gicamente ubicadas para garantizar una atenci\u00f3n eficiente en las principales zonas comerciales e industriales. Esto nos permite ofrecer un servicio \u00e1gil, con precios competitivos y productos de la m\u00e1s alta calidad. Nuestra infraestructura nos respalda para asegurar un suministro confiable,&hellip;&nbsp;<a href=\"https:\/\/fyarepsac.com\/web\/sedes\/\" rel=\"bookmark\">Leer m\u00e1s &raquo;<span class=\"screen-reader-text\">Sedes<\/span><\/a><\/p>\n","protected":false},"author":1,"featured_media":0,"parent":0,"menu_order":0,"comment_status":"closed","ping_status":"closed","template":"page-templates\/template-pagebuilder-full-width.php","meta":{"neve_meta_sidebar":"","neve_meta_container":"","neve_meta_enable_content_width":"","neve_meta_content_width":0,"neve_meta_title_alignment":"","neve_meta_author_avatar":"","neve_post_elements_order":"","neve_meta_disable_header":"","neve_meta_disable_footer":"","neve_meta_disable_title":"","footnotes":""},"class_list":["post-3021","page","type-page","status-publish","hentry"],"_links":{"self":[{"href":"https:\/\/fyarepsac.com\/web\/wp-json\/wp\/v2\/pages\/3021","targetHints":{"allow":["GET"]}}],"collection":[{"href":"https:\/\/fyarepsac.com\/web\/wp-json\/wp\/v2\/pages"}],"about":[{"href":"https:\/\/fyarepsac.com\/web\/wp-json\/wp\/v2\/types\/page"}],"author":[{"embeddable":true,"href":"https:\/\/fyarepsac.com\/web\/wp-json\/wp\/v2\/users\/1"}],"replies":[{"embeddable":true,"href":"https:\/\/fyarepsac.com\/web\/wp-json\/wp\/v2\/comments?post=3021"}],"version-history":[{"count":80,"href":"https:\/\/fyarepsac.com\/web\/wp-json\/wp\/v2\/pages\/3021\/revisions"}],"predecessor-version":[{"id":3918,"href":"https:\/\/fyarepsac.com\/web\/wp-json\/wp\/v2\/pages\/3021\/revisions\/3918"}],"wp:attachment":[{"href":"https:\/\/fyarepsac.com\/web\/wp-json\/wp\/v2\/media?parent=3021"}],"curies":[{"name":"wp","href":"https:\/\/api.w.org\/{rel}","templated":true}]}}